{"id":17,"date":"2019-09-04T02:04:24","date_gmt":"2019-09-04T02:04:24","guid":{"rendered":"https:\/\/cachorroscachorrosymascachorros.com\/2\/?page_id=17"},"modified":"2023-08-30T21:46:08","modified_gmt":"2023-08-30T21:46:08","slug":"home-04","status":"publish","type":"page","link":"https:\/\/cachorroscachorrosymascachorros.com\/2\/","title":{"rendered":"Home 04"},"content":{"rendered":"<p>[vc_row][vc_column]\n\t\t\t<!-- START Home 04 REVOLUTION SLIDER 6.4.11 --><p class=\"rs-p-wp-fix\"><\/p>\n\t\t\t<rs-module-wrap id=\"rev_slider_4_1_wrapper\" data-source=\"gallery\" style=\"background:transparent;padding:0;margin:0px auto;margin-top:0;margin-bottom:0;\">\n\t\t\t\t<rs-module id=\"rev_slider_4_1\" style=\"\" data-version=\"6.4.11\">\n\t\t\t\t\t<rs-slides>\n\t\t\t\t\t\t<rs-slide data-key=\"rs-10\" data-title=\"Slide\" data-in=\"o:-0.5;sx:1.6;sy:1.6;e:power0.inOut;\" data-out=\"o:0;sx:0.6;sy:0.6;\" data-mediafilter=\"gingham\">\n\t\t\t\t\t\t\t<img loading=\"lazy\" decoding=\"async\" src=\"\/\/cachorroscachorrosymascachorros.com\/2\/wp-content\/uploads\/2023\/08\/Dogs_Little_girls_Smile_Retriever_Puppy_Hug_529410_1280x853.jpg\" title=\"Dogs_Little_girls_Smile_Retriever_Puppy_Hug_529410_1280x853\" width=\"1280\" height=\"853\" class=\"rev-slidebg tp-rs-img\" data-no-retina>\n<!--\n\t\t\t\t\t\t\t--><rs-layer\n\t\t\t\t\t\t\t\tid=\"slider-4-slide-10-layer-2\" \n\t\t\t\t\t\t\t\tdata-type=\"text\"\n\t\t\t\t\t\t\t\tdata-color=\"#ff8000\"\n\t\t\t\t\t\t\t\tdata-rsp_ch=\"on\"\n\t\t\t\t\t\t\t\tdata-xy=\"x:l,l,l,c;xo:15px,15px,15px,0;y:t,t,t,m;yo:396px,337px,206px,-30px;\"\n\t\t\t\t\t\t\t\tdata-text=\"w:normal;s:60,51,45,36;l:60,51,50,40;fw:800;\"\n\t\t\t\t\t\t\t\tdata-border=\"bos:solid;boc:#007aff;bow:0px,0,0,0;\"\n\t\t\t\t\t\t\t\tdata-frame_0=\"x:-50,-42,-31,-19;\"\n\t\t\t\t\t\t\t\tdata-frame_1=\"st:300;sp:2000;sR:300;\"\n\t\t\t\t\t\t\t\tdata-frame_999=\"o:0;st:w;sR:6700;\"\n\t\t\t\t\t\t\t\tstyle=\"z-index:7;font-family:Work Sans;\"\n\t\t\t\t\t\t\t>\u00bfBuscas el compa\u00f1ero peludo <br \/>\nperfecto para llevar a tu casa? \n\t\t\t\t\t\t\t<\/rs-layer><!--\n\n\t\t\t\t\t\t\t--><rs-layer\n\t\t\t\t\t\t\t\tid=\"slider-4-slide-10-layer-4\" \n\t\t\t\t\t\t\t\tclass=\"rev-btn\"\n\t\t\t\t\t\t\t\tdata-type=\"button\"\n\t\t\t\t\t\t\t\tdata-rsp_ch=\"on\"\n\t\t\t\t\t\t\t\tdata-xy=\"x:l,l,l,c;xo:15px,15px,15px,0;y:t,t,t,m;yo:575px,490px,332px,45px;\"\n\t\t\t\t\t\t\t\tdata-text=\"w:normal;s:14,14,12,12;l:40,34,45,38;fw:700;a:center;\"\n\t\t\t\t\t\t\t\tdata-dim=\"w:190px,162px,143px,140px;h:60px,51px,45px,38px;minh:0px,none,none,none;\"\n\t\t\t\t\t\t\t\tdata-padding=\"t:10,9,0,0;r:25,21,0,0;b:10,9,0,0;l:25,21,0,0;\"\n\t\t\t\t\t\t\t\tdata-border=\"bor:30px,30px,30px,30px;\"\n\t\t\t\t\t\t\t\tdata-frame_0=\"x:-50,-42,-31,-19;\"\n\t\t\t\t\t\t\t\tdata-frame_1=\"st:300;sp:2000;sR:300;\"\n\t\t\t\t\t\t\t\tdata-frame_999=\"o:0;st:w;sR:6700;\"\n\t\t\t\t\t\t\t\tdata-frame_hover=\"bgc:linear-gradient(120deg, rgba(246,102,63,1) 0%, rgba(237,33,81,1) 100%);bor:30px,30px,30px,30px;bri:120%;\"\n\t\t\t\t\t\t\t\tstyle=\"z-index:8;background:linear-gradient(300deg, rgba(246,102,63,1) 0%, rgba(237,33,81,1) 100%);font-family:Karla;\"\n\t\t\t\t\t\t\t>ALL PROJECTS \n\t\t\t\t\t\t\t<\/rs-layer><!--\n-->\t\t\t\t\t\t<\/rs-slide>\n\t\t\t\t\t<\/rs-slides>\n\t\t\t\t<\/rs-module>\n\t\t\t\t<script type=\"text\/javascript\">\n\t\t\t\t\tsetREVStartSize({c: 'rev_slider_4_1',rl:[1240,1024,778,480],el:[767.988,768,700,600],gw:[1200,1024,778,480],gh:[768,768,700,600],type:'standard',justify:'',layout:'fullwidth',mh:\"0\"});\n\t\t\t\t\tvar\trevapi4,\n\t\t\t\t\t\ttpj;\n\t\t\t\t\tfunction revinit_revslider41() {\n\t\t\t\t\tjQuery(function() {\n\t\t\t\t\t\ttpj = jQuery;\n\t\t\t\t\t\trevapi4 = tpj(\"#rev_slider_4_1\");\n\t\t\t\t\t\tif(revapi4==undefined || revapi4.revolution == undefined){\n\t\t\t\t\t\t\trevslider_showDoubleJqueryError(\"rev_slider_4_1\");\n\t\t\t\t\t\t}else{\n\t\t\t\t\t\t\trevapi4.revolution({\n\t\t\t\t\t\t\t\tDPR:\"dpr\",\n\t\t\t\t\t\t\t\tsliderLayout:\"fullwidth\",\n\t\t\t\t\t\t\t\tvisibilityLevels:\"1240,1024,778,480\",\n\t\t\t\t\t\t\t\tgridwidth:\"1200,1024,778,480\",\n\t\t\t\t\t\t\t\tgridheight:\"768,768,700,600\",\n\t\t\t\t\t\t\t\tspinner:\"spinner0\",\n\t\t\t\t\t\t\t\tperspective:600,\n\t\t\t\t\t\t\t\tperspectiveType:\"local\",\n\t\t\t\t\t\t\t\teditorheight:\"767.988,768,700,600\",\n\t\t\t\t\t\t\t\tresponsiveLevels:\"1240,1024,778,480\",\n\t\t\t\t\t\t\t\tprogressBar:{disableProgressBar:true},\n\t\t\t\t\t\t\t\tnavigation: {\n\t\t\t\t\t\t\t\t\tonHoverStop:false\n\t\t\t\t\t\t\t\t},\n\t\t\t\t\t\t\t\tfallbacks: {\n\t\t\t\t\t\t\t\t\tallowHTML5AutoPlayOnAndroid:true\n\t\t\t\t\t\t\t\t},\n\t\t\t\t\t\t\t});\n\t\t\t\t\t\t}\n\t\t\t\t\t\t\n\t\t\t\t\t});\n\t\t\t\t\t} \/\/ End of RevInitScript\n\t\t\t\tvar once_revslider41 = false;\n\t\t\t\tif (document.readyState === \"loading\") {document.addEventListener('readystatechange',function() { if((document.readyState === \"interactive\" || document.readyState === \"complete\") && !once_revslider41 ) { once_revslider41 = true; revinit_revslider41();}});} else {once_revslider41 = true; revinit_revslider41();}\n\t\t\t\t<\/script>\n\t\t\t<\/rs-module-wrap>\n\t\t\t<!-- END REVOLUTION SLIDER -->\n[\/vc_column][\/vc_row][vc_row el_class=&#8221;vc-col-no-pt&#8221;][vc_column][g5element_space spacing=&#8221;135&#8243; spacing_md=&#8221;75&#8243;][\/vc_column][vc_column offset=&#8221;vc_col-lg-6 vc_col-md-12&#8243;][vc_column_text]<\/p>\n<h4 class=\"imTAJustify\"><span class=\"fs14lh1-5 ff1\"><i>\u00a1No busques m\u00e1s all\u00e1 de nuestra incre\u00edble selecci\u00f3n de perros a la venta! Tenemos una amplia gama de razas disponibles, cada una con sus propias personalidades y rasgos \u00fanicos. Ya sea que est\u00e9 buscando un compa\u00f1ero leal y amoroso o un compa\u00f1ero juguet\u00f3n y en\u00e9rgico, lo tenemos cubierto.<\/i><\/span><span class=\"fs14lh1-5 ff1\"><i>\u00a0<\/i><\/span><\/h4>\n<h4 class=\"imTAJustify\"><span class=\"fs14lh1-5 ff1\"><i>Todos nuestros perros son cuidadosamente criados y criados con amor y cuidado, asegurando que est\u00e9n sanos y felices desde el momento en que nacen. Trabajamos con algunos de los mejores criadores en el negocio para brindarle solo perros de la m\u00e1s alta calidad, cada uno garantizado para traer alegr\u00eda y felicidad a su vida.<\/i><\/span><span class=\"fs14lh1-5 ff1\"><i>\u00a0<\/i><\/span><\/h4>\n<h4 class=\"imTAJustify\"><span class=\"fs14lh1-5 ff1\"><i>Entonces, \u00bfpor qu\u00e9 esperar? Explore nuestra selecci\u00f3n hoy y encuentre el perro perfecto que se adapte a su estilo de vida y personalidad. Ya sea que est\u00e9 buscando un perrito faldero peque\u00f1o y tierno o un compa\u00f1ero de juegos grande y bullicioso, tenemos algo para todos. No pierda la oportunidad de traer a casa un compa\u00f1ero leal y amoroso que ser\u00e1 parte de su familia en los a\u00f1os venideros. \u00a1Compre ahora y descubra la alegr\u00eda de tener un perro!<\/i><\/span><\/h4>\n<p>[\/vc_column_text][g5element_button title=&#8221;ABOUT MORE&#8221; style=&#8221;outline&#8221; shape=&#8221;round&#8221; align=&#8221;left&#8221; padding_left_right=&#8221;46&#8243; css=&#8221;.vc_custom_1568101931497{margin-top: 10px !important;}&#8221;][g5element_space spacing=&#8221;55&#8243; spacing_sm=&#8221;60&#8243;][vc_separator color=&#8221;sandy_brown&#8221;][vc_video link=&#8221;https:\/\/www.youtube.com\/watch?v=3TOnDHi72Uo&#8221;][vc_separator color=&#8221;sandy_brown&#8221;][\/vc_column][vc_column offset=&#8221;vc_col-lg-offset-1 vc_col-lg-5 vc_col-md-offset-0 vc_col-md-12&#8243; css=&#8221;.vc_custom_1568103215352{padding-right: 0px !important;padding-left: 0px !important;}&#8221; el_class=&#8221;col-lg-pd-left-right-15&#8243;][g5element_heading title=&#8221;\u00bfCual es tu cachorro preferido?&#8221; limit_width=&#8221;530&#8243; title_typography=&#8221;%7B%22font_family%22%3A%22%22%2C%22font_weight%22%3A%22%22%2C%22font_style%22%3A%22%22%2C%22font_size_lg%22%3A%22%22%2C%22font_size_md%22%3A%22%22%2C%22font_size_sm%22%3A%22%22%2C%22font_size_xs%22%3A%22%22%2C%22align%22%3A%22%22%2C%22text_transform%22%3A%22%22%2C%22line_height%22%3A%22%22%2C%22letter_spacing%22%3A%22%22%2C%22color%22%3A%22accent%22%2C%22hover_color%22%3A%22%22%7D&#8221;][vc_row_inner][vc_column_inner css=&#8221;.vc_custom_1568102683632{padding-right: 0px !important;padding-left: 0px !important;}&#8221;][vc_separator color=&#8221;sandy_brown&#8221;][g5element_image_box icon_image=&#8221;3231&#8243; img_style=&#8221;border-img img-square&#8221; img_size=&#8221;custom&#8221; img_width=&#8221;300&#8243; title=&#8221;Razas de perros Chinos&#8221; title_typography=&#8221;%7B%22font_family%22%3A%22%22%2C%22font_weight%22%3A%22%22%2C%22font_style%22%3A%22%22%2C%22font_size_lg%22%3A%22%22%2C%22font_size_md%22%3A%22%22%2C%22font_size_sm%22%3A%22%22%2C%22font_size_xs%22%3A%22%22%2C%22align%22%3A%22%22%2C%22text_transform%22%3A%22%22%2C%22line_height%22%3A%22%22%2C%22letter_spacing%22%3A%22%22%2C%22color%22%3A%22accent%22%2C%22hover_color%22%3A%22%22%7D&#8221;]Perros Ideales para:<br \/>\nDepartamentos<br \/>\nCasas peque\u00f1as[\/g5element_image_box][g5element_space spacing=&#8221;55&#8243; spacing_sm=&#8221;60&#8243;][vc_separator color=&#8221;sandy_brown&#8221;][g5element_image_box icon_image=&#8221;3234&#8243; img_style=&#8221;border-img img-square&#8221; img_size=&#8221;custom&#8221; img_width=&#8221;300&#8243; title=&#8221;Razas de Perros Medianos&#8221; title_typography=&#8221;%7B%22font_family%22%3A%22%22%2C%22font_weight%22%3A%22%22%2C%22font_style%22%3A%22%22%2C%22font_size_lg%22%3A%22%22%2C%22font_size_md%22%3A%22%22%2C%22font_size_sm%22%3A%22%22%2C%22font_size_xs%22%3A%22%22%2C%22align%22%3A%22%22%2C%22text_transform%22%3A%22%22%2C%22line_height%22%3A%22%22%2C%22letter_spacing%22%3A%22%22%2C%22color%22%3A%22accent%22%2C%22hover_color%22%3A%22%22%7D&#8221;]Perros Ideales para:<br \/>\nCasas con patio peque\u00f1o[\/g5element_image_box][g5element_space spacing=&#8221;55&#8243; spacing_sm=&#8221;60&#8243;][vc_separator color=&#8221;sandy_brown&#8221;][g5element_image_box icon_image=&#8221;3236&#8243; img_style=&#8221;border-img img-square&#8221; img_size=&#8221;custom&#8221; img_width=&#8221;400&#8243; title=&#8221;Razas de perros Grandes&#8221; title_typography=&#8221;%7B%22font_family%22%3A%22%22%2C%22font_weight%22%3A%22%22%2C%22font_style%22%3A%22%22%2C%22font_size_lg%22%3A%22%22%2C%22font_size_md%22%3A%22%22%2C%22font_size_sm%22%3A%22%22%2C%22font_size_xs%22%3A%22%22%2C%22align%22%3A%22%22%2C%22text_transform%22%3A%22%22%2C%22line_height%22%3A%22%22%2C%22letter_spacing%22%3A%22%22%2C%22color%22%3A%22accent%22%2C%22hover_color%22%3A%22%22%7D&#8221;]Perros Ideales para:<br \/>\nCasas con patio grande<br \/>\nRanchos[\/g5element_image_box][\/vc_column_inner][\/vc_row_inner][\/vc_column][vc_column css=&#8221;.vc_custom_1568103409663{border-bottom-width: 1px !important;border-bottom-color: #ebebeb !important;border-bottom-style: solid !important;}&#8221;][g5element_space spacing=&#8221;80&#8243; spacing_md=&#8221;60&#8243;][\/vc_column][vc_column offset=&#8221;vc_col-md-4&#8243;][g5element_space spacing=&#8221;52&#8243;][g5element_layout_container content_size=&#8221;140px&#8221;][g5element_layout_section title=&#8221;Left Content&#8221;][g5element_counter start_value=&#8221;0&#8243; end_value=&#8221;1300&#8243; decimals=&#8221;0&#8243; durations=&#8221;0&#8243; decimal=&#8221;&#8221;][\/g5element_layout_section][g5element_layout_section title=&#8221;Right Content&#8221;][g5element_heading title=&#8221;Perros de raza china vendidos&#8221; tag_html=&#8221;6&#8243; title_typography=&#8221;%7B%22font_family%22%3A%22Karla%22%2C%22font_weight%22%3A%22%22%2C%22font_style%22%3A%22%22%2C%22font_size_lg%22%3A%22%22%2C%22font_size_md%22%3A%22%22%2C%22font_size_sm%22%3A%22%22%2C%22font_size_xs%22%3A%22%22%2C%22align%22%3A%22%22%2C%22text_transform%22%3A%22%22%2C%22line_height%22%3A%22%22%2C%22letter_spacing%22%3A%22%22%2C%22color%22%3A%22%22%2C%22hover_color%22%3A%22%22%7D&#8221;][\/g5element_layout_section][\/g5element_layout_container][\/vc_column][vc_column offset=&#8221;vc_col-md-4&#8243;][g5element_space spacing=&#8221;52&#8243; spacing_sm=&#8221;25&#8243;][g5element_layout_container content_size=&#8221;140px&#8221;][g5element_layout_section title=&#8221;Left Content&#8221;][g5element_counter start_value=&#8221;0&#8243; end_value=&#8221;2122&#8243; decimals=&#8221;0&#8243; durations=&#8221;0&#8243; decimal=&#8221;&#8221;][\/g5element_layout_section][g5element_layout_section title=&#8221;Right Content&#8221;][g5element_heading title=&#8221;Perros de raza medianos vendidos&#8221; tag_html=&#8221;6&#8243; title_typography=&#8221;%7B%22font_family%22%3A%22Karla%22%2C%22font_weight%22%3A%22%22%2C%22font_style%22%3A%22%22%2C%22font_size_lg%22%3A%22%22%2C%22font_size_md%22%3A%22%22%2C%22font_size_sm%22%3A%22%22%2C%22font_size_xs%22%3A%22%22%2C%22align%22%3A%22%22%2C%22text_transform%22%3A%22%22%2C%22line_height%22%3A%22%22%2C%22letter_spacing%22%3A%22%22%2C%22color%22%3A%22%22%2C%22hover_color%22%3A%22%22%7D&#8221;][\/g5element_layout_section][\/g5element_layout_container][\/vc_column][vc_column offset=&#8221;vc_col-md-4&#8243;][g5element_space spacing=&#8221;52&#8243; spacing_sm=&#8221;25&#8243;][g5element_layout_container content_size=&#8221;140px&#8221;][g5element_layout_section title=&#8221;Left Content&#8221;][g5element_counter start_value=&#8221;0&#8243; end_value=&#8221;1010&#8243; decimals=&#8221;0&#8243; durations=&#8221;0&#8243; decimal=&#8221;&#8221;][\/g5element_layout_section][g5element_layout_section title=&#8221;Right Content&#8221;][g5element_heading title=&#8221;Perros de raza grandes vendidos&#8221; tag_html=&#8221;6&#8243; title_typography=&#8221;%7B%22font_family%22%3A%22Karla%22%2C%22font_weight%22%3A%22%22%2C%22font_style%22%3A%22%22%2C%22font_size_lg%22%3A%22%22%2C%22font_size_md%22%3A%22%22%2C%22font_size_sm%22%3A%22%22%2C%22font_size_xs%22%3A%22%22%2C%22align%22%3A%22%22%2C%22text_transform%22%3A%22%22%2C%22line_height%22%3A%22%22%2C%22letter_spacing%22%3A%22%22%2C%22color%22%3A%22%22%2C%22hover_color%22%3A%22%22%7D&#8221;][\/g5element_layout_section][\/g5element_layout_container][\/vc_column][vc_column][g5element_space spacing=&#8221;110&#8243; spacing_md=&#8221;50&#8243;][\/vc_column][\/vc_row][vc_row full_width=&#8221;stretch_row&#8221; css=&#8221;.vc_custom_1693421771048{background-color: #ff8000 !important;}&#8221; el_class=&#8221;vc-col-no-pt&#8221;][vc_column][g5element_space spacing=&#8221;133&#8243; spacing_md=&#8221;73&#8243;][g5element_heading title=&#8221;Cachorros sobre Pedido&#8221; limit_width=&#8221;570&#8243; title_typography=&#8221;%7B%22font_family%22%3A%22%22%2C%22font_weight%22%3A%22%22%2C%22font_style%22%3A%22%22%2C%22font_size_lg%22%3A%22%22%2C%22font_size_md%22%3A%22%22%2C%22font_size_sm%22%3A%22%22%2C%22font_size_xs%22%3A%22%22%2C%22align%22%3A%22%22%2C%22text_transform%22%3A%22%22%2C%22line_height%22%3A%22%22%2C%22letter_spacing%22%3A%22%22%2C%22color%22%3A%22%23ffffff%22%2C%22hover_color%22%3A%22%22%7D&#8221; subtitle_typography=&#8221;%7B%22font_family%22%3A%22%22%2C%22font_weight%22%3A%22%22%2C%22font_style%22%3A%22%22%2C%22font_size_lg%22%3A%22%22%2C%22font_size_md%22%3A%22%22%2C%22font_size_sm%22%3A%22%22%2C%22font_size_xs%22%3A%22%22%2C%22align%22%3A%22%22%2C%22text_transform%22%3A%22%22%2C%22line_height%22%3A%22%22%2C%22letter_spacing%22%3A%22%22%2C%22color%22%3A%22%23acacac%22%2C%22hover_color%22%3A%22%22%7D&#8221;][g5element_space spacing=&#8221;54&#8243; spacing_md=&#8221;34&#8243;][g5element_image_box layout_style=&#8221;style-02&#8243; icon_image=&#8221;3259&#8243; img_style=&#8221;img-default&#8221; img_size=&#8221;img-size-origin&#8221; title=&#8221;\u00bfComo Comprar?&#8221;][\/g5element_image_box][g5element_slider_container slides_to_show=&#8221;1&#8243; el_class=&#8221;custom-slick-arrows-top-100 white-text-color slick-hover-accent&#8221;][g5element_portfolio post_layout=&#8221;metro-4&#8243; item_skin=&#8221;skin-03&#8243; columns_gutter=&#8221;none&#8221; posts_per_page=&#8221;4&#8243;][g5element_portfolio post_layout=&#8221;metro-4&#8243; item_skin=&#8221;skin-03&#8243; columns_gutter=&#8221;none&#8221; posts_per_page=&#8221;4&#8243; order=&#8221;ASC&#8221;][g5element_portfolio post_layout=&#8221;metro-4&#8243; item_skin=&#8221;skin-03&#8243; columns_gutter=&#8221;none&#8221; posts_per_page=&#8221;4&#8243; cat=&#8221;36,39,46&#8243;][\/g5element_slider_container][\/vc_column][\/vc_row][vc_row full_width=&#8221;stretch_row&#8221; el_class=&#8221;vc-col-no-pt&#8221; css=&#8221;.vc_custom_1568966076479{background-color: #2d1a6b !important;}&#8221;][vc_column][g5element_space spacing=&#8221;125&#8243; spacing_md=&#8221;65&#8243;][g5element_heading title=&#8221;Take the world\u2019s best services for you&#8221; subtitle=&#8221;WHAT WE DO&#8221; title_typography=&#8221;%7B%22font_family%22%3A%22%22%2C%22font_weight%22%3A%22%22%2C%22font_style%22%3A%22%22%2C%22font_size_lg%22%3A%22%22%2C%22font_size_md%22%3A%22%22%2C%22font_size_sm%22%3A%22%22%2C%22font_size_xs%22%3A%22%22%2C%22align%22%3A%22%22%2C%22text_transform%22%3A%22%22%2C%22line_height%22%3A%22%22%2C%22letter_spacing%22%3A%22%22%2C%22color%22%3A%22%23ffffff%22%2C%22hover_color%22%3A%22%22%7D&#8221; subtitle_typography=&#8221;%7B%22font_family%22%3A%22%22%2C%22font_weight%22%3A%22%22%2C%22font_style%22%3A%22%22%2C%22font_size_lg%22%3A%22%22%2C%22font_size_md%22%3A%22%22%2C%22font_size_sm%22%3A%22%22%2C%22font_size_xs%22%3A%22%22%2C%22align%22%3A%22%22%2C%22text_transform%22%3A%22%22%2C%22line_height%22%3A%22%22%2C%22letter_spacing%22%3A%22%22%2C%22color%22%3A%22%23ffffff%22%2C%22hover_color%22%3A%22%22%7D&#8221;][g5element_space spacing=&#8221;290&#8243; spacing_lg=&#8221;70&#8243; spacing_md=&#8221;50&#8243;][\/vc_column][vc_column el_class=&#8221;custom-services-top&#8221;][g5element_services_slider item_skin=&#8221;skin-03&#8243; columns_gutter=&#8221;none&#8221; order=&#8221;ASC&#8221; columns_xl=&#8221;3&#8243; columns_lg=&#8221;3&#8243; columns_md=&#8221;2&#8243; columns_sm=&#8221;2&#8243; columns=&#8221;1&#8243; slider_pagination_enable=&#8221;&#8221; slider_navigation_enable=&#8221;on&#8221; post_image_size=&#8221;390&#215;220&#8243; el_class=&#8221;slick-hover-accent slick-arrows-light custom-slick-arrows-top-100&#8243;][g5element_space spacing=&#8221;0&#8243; spacing_lg=&#8221;120&#8243; spacing_md=&#8221;60&#8243;][\/vc_column][\/vc_row][vc_row el_class=&#8221;vc-col-no-pt&#8221;][vc_column][g5element_space spacing=&#8221;340&#8243; spacing_lg=&#8221;132&#8243; spacing_md=&#8221;72&#8243;][g5element_heading title=&#8221;Aptent taciti sociosqu ad litora happy client\u2019s&#8221; subtitle=&#8221;TESTIMOIALS&#8221; limit_width=&#8221;530&#8243;][g5element_space spacing=&#8221;42&#8243; spacing_md=&#8221;22&#8243;][g5element_slider_container slides_to_show=&#8221;2&#8243; columns_sm=&#8221;1&#8243; dots_navigation=&#8221;&#8221; center_mode=&#8221;&#8221; el_class=&#8221;custom-slick-arrows-top-70&#8243;][g5element_testimonial layout_style=&#8221;style-04&#8243; rating=&#8221;none&#8221; author_avatar=&#8221;144&#8243; img_size=&#8221;img-size-sm&#8221; author_name=&#8221;Jont kook&#8221; author_job=&#8221;CEO HERATHEMES&#8221; author_bio=&#8221;&#8220; Class aptent taciti sociosqu ad litora torquent per conubia nostra, inceptos himenaeos.&#8220;&#8221; author_link=&#8221;#&#8221;][g5element_testimonial layout_style=&#8221;style-04&#8243; rating=&#8221;none&#8221; author_avatar=&#8221;505&#8243; img_size=&#8221;img-size-sm&#8221; author_name=&#8221;Jont kook&#8221; author_job=&#8221;CEO HERATHEMES&#8221; author_bio=&#8221;&#8220; Class aptent taciti sociosqu ad litora torquent per conubia nostra, inceptos himenaeos.&#8220;&#8221; author_link=&#8221;#&#8221;][g5element_testimonial layout_style=&#8221;style-04&#8243; rating=&#8221;none&#8221; author_avatar=&#8221;144&#8243; img_size=&#8221;img-size-sm&#8221; author_name=&#8221;Jont kook&#8221; author_job=&#8221;CEO HERATHEMES&#8221; author_bio=&#8221;&#8220; Class aptent taciti sociosqu ad litora torquent per conubia nostra, inceptos himenaeos.&#8220;&#8221; author_link=&#8221;#&#8221;][\/g5element_slider_container][\/vc_column][\/vc_row][vc_row][vc_column][g5element_space spacing=&#8221;120&#8243; spacing_md=&#8221;60&#8243;][g5element_heading title=&#8221;Class aptent taciti client\u2019s conubia&#8221; subtitle=&#8221;OUR PARTNERS&#8221;][g5element_space spacing=&#8221;70&#8243; spacing_md=&#8221;50&#8243;][\/vc_column][\/vc_row][vc_row el_class=&#8221;clients-grid&#8221;][vc_column width=&#8221;1\/2&#8243; offset=&#8221;vc_col-md-1\/5 vc_col-xs-6&#8243;][g5element_client_logo image=&#8221;170&#8243; opacity=&#8221;70&#8243; opacity_hover=&#8221;100&#8243;][\/vc_column][vc_column width=&#8221;1\/2&#8243; offset=&#8221;vc_col-md-1\/5 vc_col-xs-6&#8243;][g5element_client_logo image=&#8221;169&#8243; opacity=&#8221;70&#8243; opacity_hover=&#8221;100&#8243;][\/vc_column][vc_column width=&#8221;1\/2&#8243; offset=&#8221;vc_col-md-1\/5 vc_col-xs-6&#8243;][g5element_client_logo image=&#8221;175&#8243; opacity=&#8221;70&#8243; opacity_hover=&#8221;100&#8243;][\/vc_column][vc_column width=&#8221;1\/2&#8243; offset=&#8221;vc_col-md-1\/5 vc_col-xs-6&#8243;][g5element_client_logo image=&#8221;695&#8243; opacity=&#8221;70&#8243; opacity_hover=&#8221;100&#8243;][\/vc_column][vc_column width=&#8221;1\/2&#8243; offset=&#8221;vc_col-md-1\/5 vc_col-xs-6&#8243;][g5element_client_logo image=&#8221;166&#8243; opacity=&#8221;70&#8243; opacity_hover=&#8221;100&#8243;][\/vc_column][vc_column width=&#8221;1\/2&#8243; offset=&#8221;vc_col-md-1\/5 vc_col-xs-6&#8243;][g5element_client_logo image=&#8221;696&#8243; opacity=&#8221;70&#8243; opacity_hover=&#8221;100&#8243;][\/vc_column][vc_column width=&#8221;1\/2&#8243; offset=&#8221;vc_col-md-1\/5 vc_col-xs-6&#8243;][g5element_client_logo image=&#8221;179&#8243; opacity=&#8221;70&#8243; opacity_hover=&#8221;100&#8243;][\/vc_column][vc_column width=&#8221;1\/2&#8243; offset=&#8221;vc_col-md-1\/5 vc_col-xs-6&#8243;][g5element_client_logo image=&#8221;178&#8243; opacity=&#8221;70&#8243; opacity_hover=&#8221;100&#8243;][\/vc_column][vc_column width=&#8221;1\/2&#8243; offset=&#8221;vc_col-md-1\/5 vc_col-xs-6&#8243;][g5element_client_logo image=&#8221;177&#8243; opacity=&#8221;70&#8243; opacity_hover=&#8221;100&#8243;][\/vc_column][vc_column width=&#8221;1\/2&#8243; offset=&#8221;vc_col-md-1\/5 vc_col-xs-6&#8243;][g5element_client_logo image=&#8221;176&#8243; opacity=&#8221;70&#8243; opacity_hover=&#8221;100&#8243;][\/vc_column][\/vc_row][vc_row content_placement=&#8221;middle&#8221; el_class=&#8221;vc-col-no-pt&#8221;][vc_column][g5element_space spacing=&#8221;132&#8243; spacing_md=&#8221;72&#8243;][\/vc_column][vc_column offset=&#8221;vc_col-md-9&#8243;][g5element_heading title=&#8221;Keep always updated with blog&#8221; subtitle=&#8221;NEWS &amp; CAREER&#8221;][\/vc_column][vc_column offset=&#8221;vc_col-md-3&#8243;][g5element_button title=&#8221;VIEW ALL BLOCK&#8221; style=&#8221;link&#8221; color=&#8221;dark&#8221; align=&#8221;right&#8221; button_typography=&#8221;%7B%22font_family%22%3A%22Karla%22%2C%22font_weight%22%3A%22700%22%2C%22font_style%22%3A%22normal%22%2C%22font_size_lg%22%3A%2212%22%2C%22font_size_md%22%3A%22%22%2C%22font_size_sm%22%3A%22%22%2C%22font_size_xs%22%3A%22%22%2C%22align%22%3A%22%22%2C%22text_transform%22%3A%22%22%2C%22line_height%22%3A%22%22%2C%22letter_spacing%22%3A%22%22%2C%22color%22%3A%22%22%2C%22hover_color%22%3A%22%22%7D&#8221; link=&#8221;url:https%3A%2F%2Fcachorroscachorrosymascachorros.com%2F2%2Fblog%2F|title:View%20all%20blog||&#8221; el_class=&#8221;btn-view-all&#8221;][\/vc_column][vc_column][g5element_space spacing=&#8221;70&#8243; spacing_md=&#8221;50&#8243;][\/vc_column][\/vc_row][vc_row full_width=&#8221;stretch_row_content_no_spaces&#8221; el_class=&#8221;vc-col-no-pt&#8221;][vc_column][g5element_posts_slider post_layout=&#8221;grid-modern&#8221; excerpt_enable=&#8221;&#8221; columns_gutter=&#8221;none&#8221; posts_per_page=&#8221;8&#8243; columns_lg=&#8221;3&#8243; columns_sm=&#8221;2&#8243; columns=&#8221;1&#8243; slider_pagination_enable=&#8221;&#8221; post_image_size=&#8221;480&#215;480&#8243; ids=&#8221;&#8221;][\/vc_column][\/vc_row]<\/p>\n","protected":false},"excerpt":{"rendered":"<p>[vc_row][vc_column][\/vc_column][\/vc_row][vc_row el_class=&#8221;vc-col-no-pt&#8221;][vc_column][g5element_space spacing=&#8221;135&#8243; spacing_md=&#8221;75&#8243;][\/vc_column][vc_column offset=&#8221;vc_col-lg-6 vc_col-md-12&#8243;][vc_column_text] \u00a1No busques m\u00e1s all\u00e1 de nuestra incre\u00edble selecci\u00f3n de perros a la venta! Tenemos una amplia gama de razas disponibles, cada una con sus propias personalidades y rasgos \u00fanicos. Ya sea que est\u00e9 buscando un compa\u00f1ero leal y amoroso o un compa\u00f1ero juguet\u00f3n y en\u00e9rgico, lo tenemos cubierto.\u00a0 Todos [&hellip;]<\/p>\n","protected":false},"author":2,"featured_media":0,"parent":0,"menu_order":0,"comment_status":"closed","ping_status":"closed","template":"","meta":{"footnotes":""},"class_list":["post-17","page","type-page","status-publish","hentry"],"_links":{"self":[{"href":"https:\/\/cachorroscachorrosymascachorros.com\/2\/wp-json\/wp\/v2\/pages\/17","targetHints":{"allow":["GET"]}}],"collection":[{"href":"https:\/\/cachorroscachorrosymascachorros.com\/2\/wp-json\/wp\/v2\/pages"}],"about":[{"href":"https:\/\/cachorroscachorrosymascachorros.com\/2\/wp-json\/wp\/v2\/types\/page"}],"author":[{"embeddable":true,"href":"https:\/\/cachorroscachorrosymascachorros.com\/2\/wp-json\/wp\/v2\/users\/2"}],"replies":[{"embeddable":true,"href":"https:\/\/cachorroscachorrosymascachorros.com\/2\/wp-json\/wp\/v2\/comments?post=17"}],"version-history":[{"count":29,"href":"https:\/\/cachorroscachorrosymascachorros.com\/2\/wp-json\/wp\/v2\/pages\/17\/revisions"}],"predecessor-version":[{"id":3221,"href":"https:\/\/cachorroscachorrosymascachorros.com\/2\/wp-json\/wp\/v2\/pages\/17\/revisions\/3221"}],"wp:attachment":[{"href":"https:\/\/cachorroscachorrosymascachorros.com\/2\/wp-json\/wp\/v2\/media?parent=17"}],"curies":[{"name":"wp","href":"https:\/\/api.w.org\/{rel}","templated":true}]}}